{"id":255,"date":"2024-03-18T16:23:39","date_gmt":"2024-03-18T15:23:39","guid":{"rendered":"https:\/\/boatcharterestepona.com\/?page_id=255"},"modified":"2024-03-18T16:28:40","modified_gmt":"2024-03-18T15:28:40","slug":"cookies","status":"publish","type":"page","link":"https:\/\/boatcharterestepona.com\/index.php\/cookies\/","title":{"rendered":"Pol\u00edtica de Cookies"},"content":{"rendered":"\t\t<div data-elementor-type=\"wp-page\" data-elementor-id=\"255\" class=\"elementor elementor-255\" data-elementor-post-type=\"page\">\n\t\t\t\t<div class=\"elementor-element elementor-element-26566d1 e-flex e-con-boxed e-con e-parent\" data-id=\"26566d1\" data-element_type=\"container\">\n\t\t\t\t\t<div class=\"e-con-inner\">\n\t\t\t\t<div class=\"elementor-element elementor-element-f3a0ffe elementor-widget elementor-widget-heading\" data-id=\"f3a0ffe\" data-element_type=\"widget\" data-widget_type=\"heading.default\">\n\t\t\t\t<div class=\"elementor-widget-container\">\n\t\t\t\t\t<h2 class=\"elementor-heading-title elementor-size-default\">Pol\u00edtica de cookies<\/h2>\t\t\t\t<\/div>\n\t\t\t\t<\/div>\n\t\t\t\t<div class=\"elementor-element elementor-element-46e2075 elementor-widget elementor-widget-text-editor\" data-id=\"46e2075\" data-element_type=\"widget\" data-widget_type=\"text-editor.default\">\n\t\t\t\t<div class=\"elementor-widget-container\">\n\t\t\t\t\t\t\t\t\t<p>Le informamos de que en <strong>www.boatcharterestepona.com<\/strong> utilizamos cookies con objeto de facilitar el uso y navegaci\u00f3n a trav\u00e9s de la p\u00e1gina web y mejorar la calidad de la p\u00e1gina de acuerdo con los h\u00e1bitos y estilos de navegaci\u00f3n de los usuarios.<\/p><p><strong>\u00bfQu\u00e9 son las Cookies?<\/strong><\/p><p>Una cookie es un peque\u00f1o fichero de texto que se almacena en su navegador cuando visita casi cualquier p\u00e1gina web. Su utilidad es que la web sea capaz de recordar su visita cuando vuelva a navegar por esa p\u00e1gina. Las cookies suelen almacenar informaci\u00f3n de car\u00e1cter t\u00e9cnico, preferencias personales, personalizaci\u00f3n de contenidos, estad\u00edsticas de uso, enlaces a redes sociales, acceso a cuentas de usuario, etc. El objetivo de la cookie es adaptar el contenido de la web a su perfil y necesidades, sin cookies los servicios ofrecidos por cualquier p\u00e1gina se ver\u00edan mermados notablemente.<\/p><p><strong>Cookies utilizadas en este sitio web<\/strong><\/p><p>Siguiendo las directrices de la Agencia Espa\u00f1ola de Protecci\u00f3n de Datos procedemos a detallar el uso de cookies que hace esta web con el fin de informarle con la m\u00e1xima exactitud posible.<\/p><p><strong>Este sitio web no utiliza cookies propias.<\/strong><\/p><p><strong>Este sitio web utiliza las siguientes cookies de terceros:<\/strong><\/p><p>Google Analytics: Almacena cookies para poder elaborar estad\u00edsticas sobre el tr\u00e1fico y volumen de visitas de esta web. Al utilizar este sitio web est\u00e1 consintiendo el tratamiento de informaci\u00f3n acerca de usted por Google. Por tanto, el ejercicio de cualquier derecho en este sentido deber\u00e1 hacerlo comunicando directamente con Google.<\/p><p><strong>Desactivaci\u00f3n o eliminaci\u00f3n de cookies<\/strong><\/p><p>En cualquier momento podr\u00e1 ejercer su derecho de desactivaci\u00f3n o eliminaci\u00f3n de cookies de este sitio web. Estas acciones se realizan de forma diferente en funci\u00f3n del navegador que est\u00e9 usando. M\u00e1s abajo le dejamos una gu\u00eda r\u00e1pida para los navegadores m\u00e1s populares.<\/p><p><strong>Notas adicionales:<\/strong><\/p><p>Ni esta web ni sus representantes legales se hacen responsables ni del contenido ni de la veracidad de las pol\u00edticas de privacidad que puedan tener los terceros mencionados en esta pol\u00edtica de cookies.<\/p><p>Los navegadores web son las herramientas encargadas de almacenar las cookies y desde este lugar debe efectuar su derecho a eliminaci\u00f3n o desactivaci\u00f3n de las mismas. Ni esta web ni sus representantes legales pueden garantizar la correcta o incorrecta manipulaci\u00f3n de las cookies por parte de los mencionados navegadores.<\/p><p>En algunos casos es necesario instalar cookies para que el navegador no olvide su decisi\u00f3n de no aceptaci\u00f3n de las mismas.<\/p><p>En el caso de las cookies de Google Analytics, esta empresa almacena las cookies en servidores ubicados en Estados Unidos y se compromete a no compartirla con terceros, excepto en los casos en los que sea necesario para el funcionamiento del sistema o cuando la ley obligue a tal efecto. Seg\u00fan Google no guarda su direcci\u00f3n IP. Google Inc. es una compa\u00f1\u00eda adherida al Acuerdo de Puerto Seguro que garantiza que todos los datos transferidos ser\u00e1n tratados con un nivel de protecci\u00f3n acorde a la normativa europea. Puede consultar informaci\u00f3n detallada a este respecto en este enlace. Si desea informaci\u00f3n sobre el uso que Google da a las cookies le adjuntamos este otro enlace.<\/p><p>Para cualquier duda o consulta acerca de esta pol\u00edtica de cookies no dude en comunicarse con nosotros a trav\u00e9s de la secci\u00f3n de contacto.<\/p><p><strong>\u00bfSe pueden eliminar las cookies?<\/strong><\/p><p>S\u00ed. No s\u00f3lo eliminar, tambi\u00e9n bloquear, de forma general o particular para un dominio espec\u00edfico.<\/p><p>Para eliminar las cookies de un sitio web debe ir a la configuraci\u00f3n de su navegador y all\u00ed podr\u00e1 buscar las asociadas al dominio en cuesti\u00f3n y proceder a su eliminaci\u00f3n.<\/p><p><strong>Para acceder a la configuraci\u00f3n de cookies del navegador Chrome siga estos pasos (pueden variar en funci\u00f3n de la versi\u00f3n del navegador):<\/strong><\/p><p>Nota: estos pasos pueden variar en funci\u00f3n de la versi\u00f3n del navegador:<\/p><p>Vaya a Configuraci\u00f3n o Preferencias mediante el men\u00fa Archivo o bien pinchando el icono de personalizaci\u00f3n que aparece arriba a la derecha.<\/p><p>Ver\u00e1 diferentes secciones, pinche la opci\u00f3n Mostrar opciones avanzadas.<\/p><p>Vaya a Privacidad, Configuraci\u00f3n de contenido.<\/p><p>Seleccione Todas las cookies y los datos de sitios.<\/p><p>Aparecer\u00e1 un listado con todas las cookies ordenadas por dominio. Para que le sea m\u00e1s f\u00e1cil encontrar las cookies de un determinado dominio introduzca parcial o totalmente la direcci\u00f3n en el campo Buscar cookies.<\/p><p>Tras realizar este filtro aparecer\u00e1n en pantalla una o varias l\u00edneas con las cookies de la web solicitada. Ahora s\u00f3lo tiene que seleccionarla y pulsar la X para proceder a su eliminaci\u00f3n.<\/p><p><strong>Para acceder a la configuraci\u00f3n de cookies del navegador Internet Explorer siga estos pasos:<\/strong><\/p><p>Vaya a Herramientas, Opciones de Internet<\/p><p>Haga click en Privacidad.<\/p><p>Mueva el deslizador hasta ajustar el nivel de privacidad que desee.<\/p><p><strong>Para acceder a la configuraci\u00f3n de cookies del navegador Firefox siga estos pasos:<\/strong><\/p><p>Vaya a Opciones o Preferencias seg\u00fan su sistema operativo.<\/p><p>Haga click en Privacidad.<\/p><p>En Historial elija Usar una configuraci\u00f3n personalizada para el historial.<\/p><p>Ahora ver\u00e1 la opci\u00f3n Aceptar cookies, puede activarla o desactivarla seg\u00fan sus preferencias.<\/p><p><strong>Para acceder a la configuraci\u00f3n de cookies del navegador Safari para OSX siga estos pasos:<\/strong><\/p><p>Vaya a Preferencias, luego Privacidad.<\/p><p>En este lugar ver\u00e1 la opci\u00f3n Bloquear cookies para que ajuste el tipo de bloqueo que desea realizar.<\/p><p><strong>Para acceder a la configuraci\u00f3n de cookies del navegador Safari para iOS siga estos pasos:<\/strong><\/p><p>Vaya a Ajustes, luego Safari.<\/p><p>Vaya a Privacidad y Seguridad, ver\u00e1 la opci\u00f3n Bloquear cookies para que ajuste el tipo de bloqueo que desea realizar.<\/p><p><strong>Para acceder a la configuraci\u00f3n de cookies del navegador para dispositivos Android siga estos pasos:<\/strong><\/p><p>Ejecute el navegador y pulse la tecla Men\u00fa, luego Ajustes.<\/p><p>Vaya a Seguridad y Privacidad, ver\u00e1 la opci\u00f3n Aceptar cookies para que active o desactive la casilla.<\/p>\t\t\t\t\t\t\t\t<\/div>\n\t\t\t\t<\/div>\n\t\t\t\t<div class=\"elementor-element elementor-element-fa7e0ef elementor-align-center elementor-widget elementor-widget-button\" data-id=\"fa7e0ef\" data-element_type=\"widget\" data-widget_type=\"button.default\">\n\t\t\t\t<div class=\"elementor-widget-container\">\n\t\t\t\t\t\t\t\t\t<div class=\"elementor-button-wrapper\">\n\t\t\t\t\t<a class=\"elementor-button elementor-button-link elementor-size-sm\" href=\"http:\/\/www.boatcharterestepona.com\">\n\t\t\t\t\t\t<span class=\"elementor-button-content-wrapper\">\n\t\t\t\t\t\t\t\t\t<span class=\"elementor-button-text\">VOLVER ATR\u00c1S<\/span>\n\t\t\t\t\t<\/span>\n\t\t\t\t\t<\/a>\n\t\t\t\t<\/div>\n\t\t\t\t\t\t\t\t<\/div>\n\t\t\t\t<\/div>\n\t\t\t\t\t<\/div>\n\t\t\t\t<\/div>\n\t\t\t\t<\/div>\n\t\t","protected":false},"excerpt":{"rendered":"<p>Pol\u00edtica de cookies Le informamos de que en www.boatcharterestepona.com utilizamos cookies con objeto de facilitar el uso y navegaci\u00f3n a [&hellip;]<\/p>\n","protected":false},"author":1,"featured_media":0,"parent":0,"menu_order":0,"comment_status":"closed","ping_status":"closed","template":"","meta":{"site-sidebar-layout":"no-sidebar","site-content-layout":"","ast-site-content-layout":"full-width-container","site-content-style":"default","site-sidebar-style":"default","ast-global-header-display":"","ast-banner-title-visibility":"","ast-main-header-display":"","ast-hfb-above-header-display":"","ast-hfb-below-header-display":"","ast-hfb-mobile-header-display":"","site-post-title":"disabled","ast-breadcrumbs-content":"","ast-featured-img":"disabled","footer-sml-layout":"","ast-disable-related-posts":"","theme-transparent-header-meta":"","adv-header-id-meta":"","stick-header-meta":"","header-above-stick-meta":"","header-main-stick-meta":"","header-below-stick-meta":"","astra-migrate-meta-layouts":"default","ast-page-background-enabled":"default","ast-page-background-meta":{"desktop":{"background-color":"var(--ast-global-color-4)","background-image":"","background-repeat":"repeat","background-position":"center center","background-size":"auto","background-attachment":"scroll","background-type":"","background-media":"","overlay-type":"","overlay-color":"","overlay-opacity":"","overlay-gradient":""},"tablet":{"background-color":"","background-image":"","background-repeat":"repeat","background-position":"center center","background-size":"auto","background-attachment":"scroll","background-type":"","background-media":"","overlay-type":"","overlay-color":"","overlay-opacity":"","overlay-gradient":""},"mobile":{"background-color":"","background-image":"","background-repeat":"repeat","background-position":"center center","background-size":"auto","background-attachment":"scroll","background-type":"","background-media":"","overlay-type":"","overlay-color":"","overlay-opacity":"","overlay-gradient":""}},"ast-content-background-meta":{"desktop":{"background-color":"var(--ast-global-color-5)","background-image":"","background-repeat":"repeat","background-position":"center center","background-size":"auto","background-attachment":"scroll","background-type":"","background-media":"","overlay-type":"","overlay-color":"","overlay-opacity":"","overlay-gradient":""},"tablet":{"background-color":"var(--ast-global-color-5)","background-image":"","background-repeat":"repeat","background-position":"center center","background-size":"auto","background-attachment":"scroll","background-type":"","background-media":"","overlay-type":"","overlay-color":"","overlay-opacity":"","overlay-gradient":""},"mobile":{"background-color":"var(--ast-global-color-5)","background-image":"","background-repeat":"repeat","background-position":"center center","background-size":"auto","background-attachment":"scroll","background-type":"","background-media":"","overlay-type":"","overlay-color":"","overlay-opacity":"","overlay-gradient":""}},"footnotes":""},"yoast_head":"<!-- This site is optimized with the Yoast SEO plugin v22.9 - https:\/\/yoast.com\/wordpress\/plugins\/seo\/ -->\n<title>Pol\u00edtica de Cookies - Boat Charter Estepona<\/title>\n<meta name=\"robots\" content=\"index, follow, max-snippet:-1, max-image-preview:large, max-video-preview:-1\" \/>\n<link rel=\"canonical\" href=\"https:\/\/boatcharterestepona.com\/index.php\/cookies\/\" \/>\n<meta property=\"og:locale\" content=\"es_ES\" \/>\n<meta property=\"og:type\" content=\"article\" \/>\n<meta property=\"og:title\" content=\"Pol\u00edtica de Cookies - Boat Charter Estepona\" \/>\n<meta property=\"og:description\" content=\"Pol\u00edtica de cookies Le informamos de que en www.boatcharterestepona.com utilizamos cookies con objeto de facilitar el uso y navegaci\u00f3n a [&hellip;]\" \/>\n<meta property=\"og:url\" content=\"https:\/\/boatcharterestepona.com\/index.php\/cookies\/\" \/>\n<meta property=\"og:site_name\" content=\"Boat Charter Estepona\" \/>\n<meta property=\"article:publisher\" content=\"https:\/\/www.facebook.com\/profile.php?id=61559150314707\" \/>\n<meta property=\"article:modified_time\" content=\"2024-03-18T15:28:40+00:00\" \/>\n<meta name=\"twitter:card\" content=\"summary_large_image\" \/>\n<meta name=\"twitter:label1\" content=\"Tiempo de lectura\" \/>\n\t<meta name=\"twitter:data1\" content=\"5 minutos\" \/>\n<script type=\"application\/ld+json\" class=\"yoast-schema-graph\">{\"@context\":\"https:\/\/schema.org\",\"@graph\":[{\"@type\":\"WebPage\",\"@id\":\"https:\/\/boatcharterestepona.com\/index.php\/cookies\/\",\"url\":\"https:\/\/boatcharterestepona.com\/index.php\/cookies\/\",\"name\":\"Pol\u00edtica de Cookies - Boat Charter Estepona\",\"isPartOf\":{\"@id\":\"https:\/\/boatcharterestepona.com\/#website\"},\"datePublished\":\"2024-03-18T15:23:39+00:00\",\"dateModified\":\"2024-03-18T15:28:40+00:00\",\"breadcrumb\":{\"@id\":\"https:\/\/boatcharterestepona.com\/index.php\/cookies\/#breadcrumb\"},\"inLanguage\":\"es\",\"potentialAction\":[{\"@type\":\"ReadAction\",\"target\":[\"https:\/\/boatcharterestepona.com\/index.php\/cookies\/\"]}]},{\"@type\":\"BreadcrumbList\",\"@id\":\"https:\/\/boatcharterestepona.com\/index.php\/cookies\/#breadcrumb\",\"itemListElement\":[{\"@type\":\"ListItem\",\"position\":1,\"name\":\"Portada\",\"item\":\"https:\/\/boatcharterestepona.com\/\"},{\"@type\":\"ListItem\",\"position\":2,\"name\":\"Pol\u00edtica de Cookies\"}]},{\"@type\":\"WebSite\",\"@id\":\"https:\/\/boatcharterestepona.com\/#website\",\"url\":\"https:\/\/boatcharterestepona.com\/\",\"name\":\"Boat Charter Estepona\",\"description\":\"\",\"publisher\":{\"@id\":\"https:\/\/boatcharterestepona.com\/#organization\"},\"potentialAction\":[{\"@type\":\"SearchAction\",\"target\":{\"@type\":\"EntryPoint\",\"urlTemplate\":\"https:\/\/boatcharterestepona.com\/?s={search_term_string}\"},\"query-input\":\"required name=search_term_string\"}],\"inLanguage\":\"es\"},{\"@type\":\"Organization\",\"@id\":\"https:\/\/boatcharterestepona.com\/#organization\",\"name\":\"Boat Charter Estepona\",\"url\":\"https:\/\/boatcharterestepona.com\/\",\"logo\":{\"@type\":\"ImageObject\",\"inLanguage\":\"es\",\"@id\":\"https:\/\/boatcharterestepona.com\/#\/schema\/logo\/image\/\",\"url\":\"https:\/\/boatcharterestepona.com\/wp-content\/uploads\/2024\/03\/cropped-Logo-Boat-Charter.png\",\"contentUrl\":\"https:\/\/boatcharterestepona.com\/wp-content\/uploads\/2024\/03\/cropped-Logo-Boat-Charter.png\",\"width\":999,\"height\":463,\"caption\":\"Boat Charter Estepona\"},\"image\":{\"@id\":\"https:\/\/boatcharterestepona.com\/#\/schema\/logo\/image\/\"},\"sameAs\":[\"https:\/\/www.facebook.com\/profile.php?id=61559150314707\",\"https:\/\/www.instagram.com\/boatcharterestepona\/\"]}]}<\/script>\n<!-- \/ Yoast SEO plugin. -->","yoast_head_json":{"title":"Pol\u00edtica de Cookies - Boat Charter Estepona","robots":{"index":"index","follow":"follow","max-snippet":"max-snippet:-1","max-image-preview":"max-image-preview:large","max-video-preview":"max-video-preview:-1"},"canonical":"https:\/\/boatcharterestepona.com\/index.php\/cookies\/","og_locale":"es_ES","og_type":"article","og_title":"Pol\u00edtica de Cookies - Boat Charter Estepona","og_description":"Pol\u00edtica de cookies Le informamos de que en www.boatcharterestepona.com utilizamos cookies con objeto de facilitar el uso y navegaci\u00f3n a [&hellip;]","og_url":"https:\/\/boatcharterestepona.com\/index.php\/cookies\/","og_site_name":"Boat Charter Estepona","article_publisher":"https:\/\/www.facebook.com\/profile.php?id=61559150314707","article_modified_time":"2024-03-18T15:28:40+00:00","twitter_card":"summary_large_image","twitter_misc":{"Tiempo de lectura":"5 minutos"},"schema":{"@context":"https:\/\/schema.org","@graph":[{"@type":"WebPage","@id":"https:\/\/boatcharterestepona.com\/index.php\/cookies\/","url":"https:\/\/boatcharterestepona.com\/index.php\/cookies\/","name":"Pol\u00edtica de Cookies - Boat Charter Estepona","isPartOf":{"@id":"https:\/\/boatcharterestepona.com\/#website"},"datePublished":"2024-03-18T15:23:39+00:00","dateModified":"2024-03-18T15:28:40+00:00","breadcrumb":{"@id":"https:\/\/boatcharterestepona.com\/index.php\/cookies\/#breadcrumb"},"inLanguage":"es","potentialAction":[{"@type":"ReadAction","target":["https:\/\/boatcharterestepona.com\/index.php\/cookies\/"]}]},{"@type":"BreadcrumbList","@id":"https:\/\/boatcharterestepona.com\/index.php\/cookies\/#breadcrumb","itemListElement":[{"@type":"ListItem","position":1,"name":"Portada","item":"https:\/\/boatcharterestepona.com\/"},{"@type":"ListItem","position":2,"name":"Pol\u00edtica de Cookies"}]},{"@type":"WebSite","@id":"https:\/\/boatcharterestepona.com\/#website","url":"https:\/\/boatcharterestepona.com\/","name":"Boat Charter Estepona","description":"","publisher":{"@id":"https:\/\/boatcharterestepona.com\/#organization"},"potentialAction":[{"@type":"SearchAction","target":{"@type":"EntryPoint","urlTemplate":"https:\/\/boatcharterestepona.com\/?s={search_term_string}"},"query-input":"required name=search_term_string"}],"inLanguage":"es"},{"@type":"Organization","@id":"https:\/\/boatcharterestepona.com\/#organization","name":"Boat Charter Estepona","url":"https:\/\/boatcharterestepona.com\/","logo":{"@type":"ImageObject","inLanguage":"es","@id":"https:\/\/boatcharterestepona.com\/#\/schema\/logo\/image\/","url":"https:\/\/boatcharterestepona.com\/wp-content\/uploads\/2024\/03\/cropped-Logo-Boat-Charter.png","contentUrl":"https:\/\/boatcharterestepona.com\/wp-content\/uploads\/2024\/03\/cropped-Logo-Boat-Charter.png","width":999,"height":463,"caption":"Boat Charter Estepona"},"image":{"@id":"https:\/\/boatcharterestepona.com\/#\/schema\/logo\/image\/"},"sameAs":["https:\/\/www.facebook.com\/profile.php?id=61559150314707","https:\/\/www.instagram.com\/boatcharterestepona\/"]}]}},"_links":{"self":[{"href":"https:\/\/boatcharterestepona.com\/index.php\/wp-json\/wp\/v2\/pages\/255"}],"collection":[{"href":"https:\/\/boatcharterestepona.com\/index.php\/wp-json\/wp\/v2\/pages"}],"about":[{"href":"https:\/\/boatcharterestepona.com\/index.php\/wp-json\/wp\/v2\/types\/page"}],"author":[{"embeddable":true,"href":"https:\/\/boatcharterestepona.com\/index.php\/wp-json\/wp\/v2\/users\/1"}],"replies":[{"embeddable":true,"href":"https:\/\/boatcharterestepona.com\/index.php\/wp-json\/wp\/v2\/comments?post=255"}],"version-history":[{"count":11,"href":"https:\/\/boatcharterestepona.com\/index.php\/wp-json\/wp\/v2\/pages\/255\/revisions"}],"predecessor-version":[{"id":266,"href":"https:\/\/boatcharterestepona.com\/index.php\/wp-json\/wp\/v2\/pages\/255\/revisions\/266"}],"wp:attachment":[{"href":"https:\/\/boatcharterestepona.com\/index.php\/wp-json\/wp\/v2\/media?parent=255"}],"curies":[{"name":"wp","href":"https:\/\/api.w.org\/{rel}","templated":true}]}}